{"id":11,"date":"2025-07-04T16:22:29","date_gmt":"2025-07-04T16:22:29","guid":{"rendered":"https:\/\/berrelhas.pt\/berrelhas\/?page_id=11"},"modified":"2025-09-03T13:36:42","modified_gmt":"2025-09-03T13:36:42","slug":"politica-de-privacidade-cookies","status":"publish","type":"page","link":"https:\/\/berrelhas.pt\/berrelhas\/en\/politica-de-privacidade-cookies\/","title":{"rendered":"Privacy Policy and Cookies"},"content":{"rendered":"<h2>How we handle your data<\/h2>\r\nBerrelhas complies with its obligations under the Data Protection Act and the Act on the processing of personal data and the protection of privacy in the electronic telecommunications sector. Our Privacy and Cookies Policy explains how we will treat any personal information you provide when using this website and the services we provide through it.\r\n<h3 style=\"text-align: center;\">Recolha e Registo de Dados<\/h3>\r\nBerrelhas is committed to protecting the privacy of users of its website and, as such, only collects personal information from those who voluntarily provide it, and only uses it for the purposes for which it was provided.\n\nThe personal data collected by Berrelhas is processed automatically and is used to manage customer records, services, and support requests. The collection and processing of personal data is also intended for use by Berrelhas for the following purposes:\n\nTo ensure the normal functioning of the contracted service, namely by providing data for its management and billing;\nCommunicating scheduled interventions, reporting problems and\/or other situations of relevance and\/or impact on your services or support channels;\nPromoting the communication required by contract, using the channel stipulated for this purpose (General Conditions of Service Provision);\nSending general and advertising information about Berrelhas and the services it provides\nThe data provided is integrated into a database, and its processing is automated, organized, and maintained directly by Berrelhas in accordance with Law 67\/98 of October 26. Minors under the age of 18 must obtain permission from their parents or guardians before accessing or providing personal data on the website.\r\n<h3 style=\"text-align: center;\">Fornecimento de dados e retifica\u00e7\u00e3o<\/h3>\r\nUnder applicable law, users have the right to access and rectify their data. Berrelhas therefore offers customers permanent access to their data, enabling them to rectify it at any time.\r\n<h3 style=\"text-align: center;\">Livre fornecimento de dados e aceita\u00e7\u00e3o da presente pol\u00edtica de privacidade<\/h3>\r\nAny user may freely choose whether or not to provide their data.\n\nFilling out the customer form, contact form, quote request, and newsletter subscription form is considered voluntary provision of data and is understood as the customer's declaration of acceptance of this privacy policy, as well as the processing and storage of this data by Berrelhas for the commercial purposes for which it is intended.\n\nBerrelhas therefore reserves the right to store and use the data provided by the customer until the customer expressly requests its deletion.\r\n<h3 style=\"text-align: center;\">Elimina\u00e7\u00e3o dos dados<\/h3>\r\nAlthough Berrelhas does not undertake to store customer data after the deadlines for renewal of its services have been exceeded and\/or after termination of the contract without express information to that effect, Berrelhas cannot ascertain with certainty whether or not the customer wishes to remain registered as a Berrelhas customer.\n\nIf it is in the customer's interest to no longer be contacted by Berrelhas and for Berrelhas to no longer store their data, they must expressly request the deletion of their data from our databases.\n\nFor questions related to the processing of your personal data, you can contact Berrelhas through the following means:\n\nPhone:\u00a0<a href=\"tel:+351232470500\">(<span class=\"title\">+351) 232 470 500<\/span><\/a>\u00a0(Cost of national landline call)\u00a0<a href=\"mailto:geral@berrelhas.pt\">geral@berrelhas.pt<\/a>\r\n<h3 style=\"text-align: center;\">Seguran\u00e7a e utiliza\u00e7\u00e3o da sua informa\u00e7\u00e3o<\/h3>\r\nBerrelhas undertakes not to sell, rent, transmit or otherwise disclose to third parties any personal data sent by users of our website, without prejudice to doing so with the user's authorization or when legally required to do so. Berrelhas ensures that, as far as is reasonable and feasible, appropriate technical measures have been adopted and organized to protect personal data against accidental or unlawful destruction, alteration, and\/or unauthorized disclosure of personal data.\n\nAny attempt to violate the database of this website will be subject to criminal prosecution and criminal complaint, as provided for in Portuguese legislation on databases, and may result in civil and criminal liability.\r\n<h3 style=\"text-align: center;\">Conserva\u00e7\u00e3o da informa\u00e7\u00e3o pessoal<\/h3>\r\nAfter collecting personal information voluntarily provided by the user, Berrelhas will store and maintain it for the period necessary for the purpose of its processing, until otherwise instructed, or until the law requires its deletion.\n\nThe storage of this information allows Berrelhas to continue to provide personalized services without interruption, unless the user expressly objects.\n\nDespite this, Berrelhas is not obliged to store customer data after the deadlines for renewal of all its services have been exceeded, without these being paid for.\r\n<h3 style=\"text-align: center;\">Entidade respons\u00e1vel<\/h3>\r\nThe entity responsible for processing the Database is Berrelhas, headquartered at Rua Major Monteiro Leite, Cinf\u00e3es, Portugal. Any interested party may contact it through the following means:\n\nPhone:\u00a0<a href=\"tel:+351232470500\">(<span class=\"title\">+351) 232 470 500<\/span><\/a>\u00a0(Cost of national landline call)\u00a0<a href=\"mailto:geral@berrelhas.pt\">geral@berrelhas.pt<\/a>\r\n<h3 style=\"text-align: center;\">Cookies<\/h3>\r\nCookies are small pieces of text sent to your browser by the websites you visit. Cookies play an important role; without them, using the web would be a much more frustrating experience.\n\nCookies are files that are stored on your computer and are intended solely to simplify your browsing experience on berrelhas.pt, facilitating your next visit and making the berrelhas.pt website more useful to you (these cookies cannot contain viruses or be executed, as they are not active files).\n\nCookies are stored on your device and accessed by our website only because and when you give your consent through active behavior and by making a free decision to accept browsing on our website, based on clear and complete information as explained below, namely about the purpose of processing.\n\nThese cookies can only be read by berrelhas.pt and by you.\n\nThe cookies we use and their functions:\n\nStrictly necessary cookies \u2013 these are essential cookies that enable our website to respond to any actions you take on the site, such as filling out a survey form. The website will not function properly if this cookie is not used.\n\nAnalytical cookies \u2013 these are cookies that enable the analytics software to function. This software helps us analyze our website visitors and provide anonymous information, such as browsers used, returning visitors, and response to marketing activities. This information helps us improve the website and your online experience.\n\nFunctionality cookies \u2013 these are cookies that store user preferences regarding the use of the website, so that it is not necessary to reconfigure the website each time you visit it.\n\nPermanent cookies \u2013 these are cookies that are stored on access devices (computer, mobile phone, smartphone, or tablet) at the internet browser level and are used whenever the user revisits the website. In general, they are used to direct navigation according to the user's interests, allowing for a more personalized service;\n\nSession cookies \u2013 these are temporary cookies that are generated and available until the session is closed. The next time the user accesses their internet browser, the cookies will no longer be stored. The information obtained allows sessions to be managed, problems to be identified, and a better navigation experience to be provided.\n\nUsers may accept, refuse, or delete cookies by selecting the appropriate settings in their browser. Disabling cookies may prevent some of our web services from functioning properly.\n\nFor more information about cookies, including which cookies have been installed and how they can be managed and deleted, visit www.allaboutcookies.org. If you do not want your visits to websites to be tracked by Google Analytics, go to http:\/\/tools.google.com\/dlpage\/gaoptout\n\nAcceptance of these terms\n\nBy using this website, you consent to the collection and use of your information as set out in this Cookie Policy.\r\n\r\n\r\n<h2><!-- \/wp:post-content --><\/h2><!-- \/wp:freeform -->","protected":false},"excerpt":{"rendered":"<p>Como tratamos os seus dados A Berrelhas cumpre com as obriga\u00e7\u00f5es que para si decorrem da Lei de Prote\u00e7\u00e3o de Dados e da Lei de tratamento de dados pessoais e de prote\u00e7\u00e3o da privacidade no sector das telecomunica\u00e7\u00f5es eletr\u00f3nicas. A nossa Pol\u00edtica de Privacidade e Cookies explica como iremos tratar qualquer informa\u00e7\u00e3o pessoal que nos [&hellip;]<\/p>","protected":false},"author":1,"featured_media":0,"parent":0,"menu_order":0,"comment_status":"closed","ping_status":"closed","template":"","meta":{"_acf_changed":false,"footnotes":""},"class_list":["post-11","page","type-page","status-publish","hentry"],"acf":[],"_links":{"self":[{"href":"https:\/\/berrelhas.pt\/berrelhas\/en\/wp-json\/wp\/v2\/pages\/11","targetHints":{"allow":["GET"]}}],"collection":[{"href":"https:\/\/berrelhas.pt\/berrelhas\/en\/wp-json\/wp\/v2\/pages"}],"about":[{"href":"https:\/\/berrelhas.pt\/berrelhas\/en\/wp-json\/wp\/v2\/types\/page"}],"author":[{"embeddable":true,"href":"https:\/\/berrelhas.pt\/berrelhas\/en\/wp-json\/wp\/v2\/users\/1"}],"replies":[{"embeddable":true,"href":"https:\/\/berrelhas.pt\/berrelhas\/en\/wp-json\/wp\/v2\/comments?post=11"}],"version-history":[{"count":13,"href":"https:\/\/berrelhas.pt\/berrelhas\/en\/wp-json\/wp\/v2\/pages\/11\/revisions"}],"predecessor-version":[{"id":174,"href":"https:\/\/berrelhas.pt\/berrelhas\/en\/wp-json\/wp\/v2\/pages\/11\/revisions\/174"}],"wp:attachment":[{"href":"https:\/\/berrelhas.pt\/berrelhas\/en\/wp-json\/wp\/v2\/media?parent=11"}],"curies":[{"name":"wp","href":"https:\/\/api.w.org\/{rel}","templated":true}]}}